{"id":2,"date":"2025-04-24T02:24:38","date_gmt":"2025-04-24T02:24:38","guid":{"rendered":"https:\/\/anhousequynhon.vn\/?page_id=2"},"modified":"2025-04-27T09:11:54","modified_gmt":"2025-04-27T02:11:54","slug":"sample-page","status":"publish","type":"page","link":"https:\/\/anhousequynhon.vn\/index.php\/sample-page\/","title":{"rendered":"Gi\u1edbi thi\u1ec7u"},"content":{"rendered":"\n<div class=\"wp-block-group alignfull has-pale-ocean-gradient-background has-background has-global-padding is-layout-constrained wp-container-core-group-is-layout-129f6e7c wp-block-group-is-layout-constrained\" style=\"margin-top:0;margin-bottom:0;padding-top:var(--wp--preset--spacing--superbspacing-large);padding-right:var(--wp--preset--spacing--superbspacing-small);padding-bottom:var(--wp--preset--spacing--superbspacing-large);padding-left:var(--wp--preset--spacing--superbspacing-small)\">\n<div class=\"wp-block-columns alignwide has-pale-ocean-gradient-background has-background is-layout-flex wp-container-core-columns-is-layout-ebc5fdf4 wp-block-columns-is-layout-flex\" style=\"margin-top:0;margin-bottom:0;padding-top:0;padding-right:0;padding-bottom:0;padding-left:0\">\n<div class=\"wp-block-column is-vertically-aligned-center is-layout-flow wp-container-core-column-is-layout-a1628350 wp-block-column-is-layout-flow\" style=\"padding-top:0;padding-right:0;padding-bottom:0;padding-left:0\">\n<div class=\"wp-block-group is-layout-flow wp-container-core-group-is-layout-ff697075 wp-block-group-is-layout-flow\">\n<h2 class=\"wp-block-heading has-text-align-left has-superbfont-xlarge-font-size\">An House Quy Nh\u01a1n<\/h2>\n\n\n\n<p>T\u1ecda t\u1ecda ngay tr\u1ee5c \u0111\u01b0\u1eddng Xu\u00e2n Di\u1ec7u Th\u00e0nh Ph\u1ed1 Quy Nh\u01a1n. Ch\u1ec9 v\u00e0i ch\u1ee5c m\u00e9t \u0111i b\u1ed9 l\u00e0 t\u1edbi b\u00e3i bi\u1ec3n Quy Nh\u01a1n.<\/p>\n\n\n\n<p> Nh\u00e0 An cung c\u1ea5p ph\u00f2ng ngh\u1ec9 du l\u1ecbch cho kh\u00e1ch du l\u1ecbch. Ph\u1ee5c v\u1ee5 qu\u00ed kh\u00e1ch du l\u1ecbch tr\u00ean tinh th\u1ea7n nhi\u1ec7t t\u00ecnh, th\u00e2n thi\u1ec7n, lu\u00f4n h\u1ed7 tr\u1ee3 h\u1ebft m\u00ecnh. Cu\u1ed1i c\u00f9ng, h\u01b0\u1edbng t\u1edbi mong mu\u1ed1n l\u00e0 s\u1ef1 h\u00e0i l\u00f2ng, tho\u1ea3i m\u00e1i nh\u1ea5t cho du kh\u00e1ch khi \u0111\u1ebfn Quy Nh\u01a1n tham quan du l\u1ecbch. Ch\u00fang t\u00f4i lu\u00f4n duy tr\u00ec ch\u1ea5t l\u01b0\u1ee3ng ph\u00f2ng lu\u00f4n s\u1ea1ch s\u1ebd, tinh t\u01b0\u01a1m, ng\u1eafn n\u1eafp nh\u1ea5t, c\u00f9ng gi\u00e1 c\u1ea3 ph\u1ea3i ch\u0103ng, mang l\u1ea1i tr\u1ea3i nghi\u1ec7m t\u1ed1t nh\u1ea5t cho qu\u00ed kh\u00e1ch h\u00e0ng.<\/p>\n\n\n\n<p><br>Ho\u1ea1t \u0111\u1ed9ng t\u1eeb 2020 \u0111\u1ebfn nay. An House Quy Nh\u01a1n c\u1ea3m \u01a1n, \u00e2n t\u00ecnh, s\u1ef1 \u1ee7ng h\u1ed9 c\u1ee7a qu\u00ed kh\u00e1ch h\u00e0ng \u0111\u00e3 y\u00eau m\u1ebfn, tin t\u01b0\u1edfng b\u00ean An. M\u1ed9t \u0111\u01a1n v\u1ecb du l\u1ecbch nh\u1ecf v\u00e0 m\u1edbi th\u00e0nh l\u1eadp. Nh\u00e0 An k\u00ednh ch\u00fac qu\u00ed kh\u00e1ch lu\u00f4n kh\u1ecfe m\u1ea1nh v\u00e0 h\u1ea1nh ph\u00fac.<\/p>\n<\/div>\n\n\n\n<div class=\"wp-block-buttons is-layout-flex wp-container-core-buttons-is-layout-69f3c5ca wp-block-buttons-is-layout-flex\">\n<div class=\"wp-block-button is-style-outline is-style-outline--1\"><a class=\"wp-block-button__link has-light-green-cyan-background-color has-background has-superbfont-small-font-size has-custom-font-size wp-element-button\" href=\"https:\/\/zalo.me\/anhousequynhon\" style=\"padding-top:var(--wp--preset--spacing--superbspacing-xsmall);padding-right:var(--wp--preset--spacing--superbspacing-xsmall);padding-bottom:var(--wp--preset--spacing--superbspacing-xsmall);padding-left:var(--wp--preset--spacing--superbspacing-xsmall)\">Li\u00ean h\u1ec7 \u2192<\/a><\/div>\n\n\n\n<div class=\"wp-block-button is-style-outline is-style-outline--2\"><a class=\"wp-block-button__link has-primary-color has-text-color has-superbfont-small-font-size has-custom-font-size wp-element-button\" style=\"border-style:none;border-width:0px;padding-top:var(--wp--preset--spacing--superbspacing-xsmall);padding-right:var(--wp--preset--spacing--superbspacing-xsmall);padding-bottom:var(--wp--preset--spacing--superbspacing-xsmall);padding-left:var(--wp--preset--spacing--superbspacing-xsmall)\">\u0111i\u1ec7n tho\u1ea1i: 0256 3629 369<\/a><\/div>\n<\/div>\n<\/div>\n\n\n\n<div class=\"wp-block-column is-vertically-aligned-center is-layout-flow wp-container-core-column-is-layout-40a2a7e8 wp-block-column-is-layout-flow\" style=\"padding-right:0;padding-bottom:0;padding-left:0\">\n<figure class=\"wp-block-image size-full is-resized has-custom-border\"><img loading=\"lazy\" decoding=\"async\" width=\"1104\" height=\"1440\" src=\"https:\/\/anhousequynhon.vn\/wp-content\/uploads\/2025\/04\/481772647_1465422627791280_1424546135314216020_n.jpg\" alt=\"\" class=\"wp-image-52\" style=\"border-radius:0px;width:339px;height:auto\" srcset=\"https:\/\/anhousequynhon.vn\/wp-content\/uploads\/2025\/04\/481772647_1465422627791280_1424546135314216020_n.jpg 1104w, https:\/\/anhousequynhon.vn\/wp-content\/uploads\/2025\/04\/481772647_1465422627791280_1424546135314216020_n-230x300.jpg 230w, https:\/\/anhousequynhon.vn\/wp-content\/uploads\/2025\/04\/481772647_1465422627791280_1424546135314216020_n-785x1024.jpg 785w, https:\/\/anhousequynhon.vn\/wp-content\/uploads\/2025\/04\/481772647_1465422627791280_1424546135314216020_n-768x1002.jpg 768w\" sizes=\"auto, (max-width: 1104px) 100vw, 1104px\" \/><\/figure>\n<\/div>\n<\/div>\n\n\n\n<p><\/p>\n\n\n\n<p><\/p>\n\n\n\n<p><\/p>\n<\/div>\n","protected":false},"excerpt":{"rendered":"<p>An House Quy Nh\u01a1n T\u1ecda t\u1ecda ngay tr\u1ee5c \u0111\u01b0\u1eddng Xu\u00e2n Di\u1ec7u Th\u00e0nh Ph\u1ed1 Quy Nh\u01a1n. Ch\u1ec9 v\u00e0i ch\u1ee5c m\u00e9t \u0111i b\u1ed9 l\u00e0 t\u1edbi b\u00e3i bi\u1ec3n Quy Nh\u01a1n. Nh\u00e0 An cung c\u1ea5p ph\u00f2ng ngh\u1ec9 du l\u1ecbch cho kh\u00e1ch du l\u1ecbch. Ph\u1ee5c v\u1ee5 qu\u00ed kh\u00e1ch du l\u1ecbch tr\u00ean tinh th\u1ea7n nhi\u1ec7t t\u00ecnh, th\u00e2n thi\u1ec7n, lu\u00f4n h\u1ed7 tr\u1ee3 [&hellip;]<\/p>\n","protected":false},"author":1,"featured_media":0,"parent":0,"menu_order":0,"comment_status":"closed","ping_status":"open","template":"","meta":{"footnotes":""},"class_list":["post-2","page","type-page","status-publish","hentry"],"_links":{"self":[{"href":"https:\/\/anhousequynhon.vn\/index.php\/wp-json\/wp\/v2\/pages\/2","targetHints":{"allow":["GET"]}}],"collection":[{"href":"https:\/\/anhousequynhon.vn\/index.php\/wp-json\/wp\/v2\/pages"}],"about":[{"href":"https:\/\/anhousequynhon.vn\/index.php\/wp-json\/wp\/v2\/types\/page"}],"author":[{"embeddable":true,"href":"https:\/\/anhousequynhon.vn\/index.php\/wp-json\/wp\/v2\/users\/1"}],"replies":[{"embeddable":true,"href":"https:\/\/anhousequynhon.vn\/index.php\/wp-json\/wp\/v2\/comments?post=2"}],"version-history":[{"count":11,"href":"https:\/\/anhousequynhon.vn\/index.php\/wp-json\/wp\/v2\/pages\/2\/revisions"}],"predecessor-version":[{"id":420,"href":"https:\/\/anhousequynhon.vn\/index.php\/wp-json\/wp\/v2\/pages\/2\/revisions\/420"}],"wp:attachment":[{"href":"https:\/\/anhousequynhon.vn\/index.php\/wp-json\/wp\/v2\/media?parent=2"}],"curies":[{"name":"wp","href":"https:\/\/api.w.org\/{rel}","templated":true}]}}