{"id":199,"date":"2025-04-25T12:22:00","date_gmt":"2025-04-25T12:22:00","guid":{"rendered":"https:\/\/anhousequynhon.vn\/?page_id=199"},"modified":"2025-09-16T08:08:01","modified_gmt":"2025-09-16T01:08:01","slug":"dich-vu","status":"publish","type":"page","link":"https:\/\/anhousequynhon.vn\/index.php\/dich-vu\/","title":{"rendered":"D\u1ecbch v\u1ee5"},"content":{"rendered":"\n<div class=\"wp-block-group alignwide has-mono-4-background-color has-background has-global-padding is-content-justification-center is-layout-constrained wp-container-core-group-is-layout-4a8c738f wp-block-group-is-layout-constrained\" style=\"margin-top:0;margin-bottom:0;padding-top:var(--wp--preset--spacing--superbspacing-large);padding-right:var(--wp--preset--spacing--superbspacing-small);padding-bottom:var(--wp--preset--spacing--superbspacing-large);padding-left:var(--wp--preset--spacing--superbspacing-small)\">\n<div class=\"wp-block-group alignwide has-pale-pink-background-color has-background is-vertical is-content-justification-center is-layout-flex wp-container-core-group-is-layout-4150af02 wp-block-group-is-layout-flex\">\n<h3 class=\"wp-block-heading has-text-align-left has-contrast-light-color has-text-color has-superbfont-small-font-size\">Kh\u00e1m ph\u00e1<\/h3>\n\n\n\n<h2 class=\"wp-block-heading has-text-align-center has-contrast-light-color has-text-color has-superbfont-xlarge-font-size\">C\u00e1c d\u1ecbch v\u1ee5 t\u1ea1i kh\u00e1ch s\u1ea1n<\/h2>\n\n\n\n<p class=\"has-text-align-center has-contrast-light-color has-text-color has-superbfont-small-font-size\">Ngo\u00e0i ph\u00f2ng ngh\u1ec9 kh\u00e1ch s\u1ea1n. Ch\u00fang t\u00f4i c\u00f3 th\u00eam c\u00e1c d\u1ecbch v\u1ee5<\/p>\n<\/div>\n\n\n\n<div class=\"wp-block-columns are-vertically-aligned-top is-layout-flex wp-container-core-columns-is-layout-f9d87e41 wp-block-columns-is-layout-flex\">\n<div class=\"wp-block-column is-vertically-aligned-top is-layout-flow wp-container-core-column-is-layout-db2cb278 wp-block-column-is-layout-flow\">\n<figure class=\"wp-block-image size-full has-custom-border is-style-default\"><img loading=\"lazy\" decoding=\"async\" width=\"730\" height=\"487\" src=\"https:\/\/anhousequynhon.vn\/wp-content\/uploads\/2025\/04\/scv-grey-2-front-right-360-17321662006091361119024-1743877097082-1743877097608515926587-1743906264829-17439062659421094558080.jpg\" alt=\"\" class=\"wp-image-347\" style=\"border-radius:0px\" srcset=\"https:\/\/anhousequynhon.vn\/wp-content\/uploads\/2025\/04\/scv-grey-2-front-right-360-17321662006091361119024-1743877097082-1743877097608515926587-1743906264829-17439062659421094558080.jpg 730w, https:\/\/anhousequynhon.vn\/wp-content\/uploads\/2025\/04\/scv-grey-2-front-right-360-17321662006091361119024-1743877097082-1743877097608515926587-1743906264829-17439062659421094558080-300x200.jpg 300w\" sizes=\"auto, (max-width: 730px) 100vw, 730px\" \/><\/figure>\n\n\n\n<div class=\"wp-block-group has-global-padding is-layout-constrained wp-container-core-group-is-layout-d598ad9d wp-block-group-is-layout-constrained\">\n<h2 class=\"wp-block-heading has-text-align-center has-contrast-color has-pale-ocean-gradient-background has-text-color has-background has-superbfont-medium-font-size\">Cho thu\u00ea xe m\u00e1y<\/h2>\n\n\n\n<p class=\"has-text-align-center has-secondary-color has-text-color has-superbfont-xsmall-font-size\">150k cho xe tay ga. <\/p>\n\n\n\n<h2 class=\"wp-block-heading has-text-align-center has-pale-pink-color has-text-color has-link-color has-superbfont-small-font-size wp-elements-1e7975edf8bdd19229741dc8b0bfa7a3\"><strong><a href=\"https:\/\/zalo.me\/anhousequynhon\" data-type=\"link\" data-id=\"https:\/\/zalo.me\/anhousequynhon\">Zalo OA \u2192<\/a><\/strong> ho\u1eb7c li\u00ean h\u1ec7 l\u1ec5 t\u00e2n \u0111\u1ec3 \u0111\u01b0\u1ee3c t\u01b0 v\u1ea5n<\/h2>\n<\/div>\n<\/div>\n\n\n\n<div class=\"wp-block-column is-vertically-aligned-top is-layout-flow wp-container-core-column-is-layout-3fbca637 wp-block-column-is-layout-flow\">\n<figure class=\"wp-block-image aligncenter size-large\"><img loading=\"lazy\" decoding=\"async\" width=\"1024\" height=\"683\" src=\"https:\/\/anhousequynhon.vn\/wp-content\/uploads\/2025\/09\/123-laundry-basket-with-freshly-washed-clothes-free-photo-1024x683.jpeg\" alt=\"\" class=\"wp-image-487\" srcset=\"https:\/\/anhousequynhon.vn\/wp-content\/uploads\/2025\/09\/123-laundry-basket-with-freshly-washed-clothes-free-photo-1024x683.jpeg 1024w, https:\/\/anhousequynhon.vn\/wp-content\/uploads\/2025\/09\/123-laundry-basket-with-freshly-washed-clothes-free-photo-300x200.jpeg 300w, https:\/\/anhousequynhon.vn\/wp-content\/uploads\/2025\/09\/123-laundry-basket-with-freshly-washed-clothes-free-photo-768x512.jpeg 768w, https:\/\/anhousequynhon.vn\/wp-content\/uploads\/2025\/09\/123-laundry-basket-with-freshly-washed-clothes-free-photo.jpeg 1470w\" sizes=\"auto, (max-width: 1024px) 100vw, 1024px\" \/><\/figure>\n\n\n\n<div class=\"wp-block-group has-global-padding is-layout-constrained wp-container-core-group-is-layout-d598ad9d wp-block-group-is-layout-constrained\">\n<h2 class=\"wp-block-heading has-text-align-center has-contrast-color has-pale-ocean-gradient-background has-text-color has-background has-superbfont-medium-font-size\">Gi\u1eb7t \u1ee7i<\/h2>\n\n\n\n<p class=\"has-text-align-center has-secondary-color has-text-color has-superbfont-xsmall-font-size\"><\/p>\n\n\n\n<h2 class=\"wp-block-heading has-text-align-center has-pale-pink-color has-text-color has-link-color has-superbfont-small-font-size wp-elements-205105dcef53c0b85945123d9e8a1da9\"><strong><a href=\"https:\/\/zalo.me\/anhousequynhon\" data-type=\"link\" data-id=\"https:\/\/zalo.me\/anhousequynhon\">ZALO OA \u2192<\/a><\/strong> ho\u1eb7c li\u00ean h\u1ec7 l\u1ec5 t\u00e2n \u0111\u1ec3 \u0111\u01b0\u1ee3c t\u01b0 v\u1ea5n<\/h2>\n<\/div>\n<\/div>\n<\/div>\n<\/div>\n\n\n\n<p><\/p>\n","protected":false},"excerpt":{"rendered":"<p>Kh\u00e1m ph\u00e1 C\u00e1c d\u1ecbch v\u1ee5 t\u1ea1i kh\u00e1ch s\u1ea1n Ngo\u00e0i ph\u00f2ng ngh\u1ec9 kh\u00e1ch s\u1ea1n. Ch\u00fang t\u00f4i c\u00f3 th\u00eam c\u00e1c d\u1ecbch v\u1ee5 Cho thu\u00ea xe m\u00e1y 150k cho xe tay ga. Zalo OA \u2192 ho\u1eb7c li\u00ean h\u1ec7 l\u1ec5 t\u00e2n \u0111\u1ec3 \u0111\u01b0\u1ee3c t\u01b0 v\u1ea5n Gi\u1eb7t \u1ee7i ZALO OA \u2192 ho\u1eb7c li\u00ean h\u1ec7 l\u1ec5 t\u00e2n \u0111\u1ec3 \u0111\u01b0\u1ee3c t\u01b0 v\u1ea5n<\/p>\n","protected":false},"author":1,"featured_media":0,"parent":0,"menu_order":0,"comment_status":"closed","ping_status":"closed","template":"","meta":{"footnotes":""},"class_list":["post-199","page","type-page","status-publish","hentry"],"_links":{"self":[{"href":"https:\/\/anhousequynhon.vn\/index.php\/wp-json\/wp\/v2\/pages\/199","targetHints":{"allow":["GET"]}}],"collection":[{"href":"https:\/\/anhousequynhon.vn\/index.php\/wp-json\/wp\/v2\/pages"}],"about":[{"href":"https:\/\/anhousequynhon.vn\/index.php\/wp-json\/wp\/v2\/types\/page"}],"author":[{"embeddable":true,"href":"https:\/\/anhousequynhon.vn\/index.php\/wp-json\/wp\/v2\/users\/1"}],"replies":[{"embeddable":true,"href":"https:\/\/anhousequynhon.vn\/index.php\/wp-json\/wp\/v2\/comments?post=199"}],"version-history":[{"count":27,"href":"https:\/\/anhousequynhon.vn\/index.php\/wp-json\/wp\/v2\/pages\/199\/revisions"}],"predecessor-version":[{"id":491,"href":"https:\/\/anhousequynhon.vn\/index.php\/wp-json\/wp\/v2\/pages\/199\/revisions\/491"}],"wp:attachment":[{"href":"https:\/\/anhousequynhon.vn\/index.php\/wp-json\/wp\/v2\/media?parent=199"}],"curies":[{"name":"wp","href":"https:\/\/api.w.org\/{rel}","templated":true}]}}