{"id":194,"date":"2025-04-25T12:14:49","date_gmt":"2025-04-25T12:14:49","guid":{"rendered":"https:\/\/anhousequynhon.vn\/?page_id=194"},"modified":"2025-04-26T17:30:26","modified_gmt":"2025-04-26T10:30:26","slug":"coffee","status":"publish","type":"page","link":"https:\/\/anhousequynhon.vn\/index.php\/coffee\/","title":{"rendered":"Coffee"},"content":{"rendered":"\n<div class=\"wp-block-group alignfull has-global-padding is-content-justification-right is-layout-constrained wp-container-core-group-is-layout-77e58cd9 wp-block-group-is-layout-constrained\" style=\"margin-top:0;margin-bottom:0;padding-top:var(--wp--preset--spacing--superbspacing-xxlarge);padding-right:var(--wp--preset--spacing--superbspacing-small);padding-bottom:var(--wp--preset--spacing--superbspacing-xxlarge);padding-left:var(--wp--preset--spacing--superbspacing-small)\">\n<div class=\"wp-block-columns alignwide is-layout-flex wp-container-core-columns-is-layout-28f84493 wp-block-columns-is-layout-flex\">\n<div class=\"wp-block-column is-layout-flow wp-block-column-is-layout-flow\" style=\"flex-basis:40%\">\n<h2 class=\"wp-block-heading has-text-align-left has-contrast-color has-text-color has-superbfont-xlarge-font-size\">Khu v\u1ef1c cafe  tr\u1ec7t v\u00e0 rooftop t\u1ea7ng 6<\/h2>\n<\/div>\n\n\n\n<div class=\"wp-block-column is-layout-flow wp-block-column-is-layout-flow\">\n<div class=\"wp-block-group has-global-padding is-layout-constrained wp-container-core-group-is-layout-85cc789f wp-block-group-is-layout-constrained\">\n<div class=\"wp-block-group is-layout-flex wp-container-core-group-is-layout-b7b5e2e0 wp-block-group-is-layout-flex\">\n<h3 class=\"wp-block-heading has-text-align-left has-featured-color has-text-color has-superbfont-medium-font-size\">Super View<\/h3>\n\n\n\n<h3 class=\"wp-block-heading has-text-align-left has-contrast-color has-text-color has-superbfont-medium-font-size\">tuy\u1ec7t \u0111\u1eb9p \u00f4m tr\u1ecdn bi\u1ec3n Quy Nh\u01a1n<\/h3>\n<\/div>\n\n\n\n<div class=\"wp-block-group has-global-padding is-layout-constrained wp-container-core-group-is-layout-685a0924 wp-block-group-is-layout-constrained\" style=\"border-left-color:var(--wp--preset--color--featured);border-left-width:4px;padding-left:var(--wp--preset--spacing--superbspacing-xxsmall)\">\n<p class=\"has-text-align-left has-secondary-color has-text-color has-superbfont-small-font-size\">T\u1ea7m view s\u00e2n th\u01b0\u1ee3ng tuy\u1ec7t \u0111\u1eb9p, r\u1ed9ng m\u1edf t\u1ea7m m\u1eaft th\u01b0\u1edfng th\u1ee9c v\u1ebb \u0111\u1eb9p bi\u1ec3n Quy Nh\u01a1n. C\u00f9ng cafe nguy\u00ean ch\u1ea5t, n\u01b0\u1edbc u\u1ed1ng pha ch\u1ebf, gi\u00fap cho bu\u1ed5i cafe th\u1eadt th\u00fa v\u1ecb v\u00e0 s\u00e1ng t\u1ea1o.<\/p>\n<\/div>\n<\/div>\n<\/div>\n<\/div>\n\n\n\n<div class=\"wp-block-columns alignwide is-layout-flex wp-container-core-columns-is-layout-f9d87e41 wp-block-columns-is-layout-flex\">\n<div class=\"wp-block-column is-layout-flow wp-container-core-column-is-layout-db2cb278 wp-block-column-is-layout-flow\">\n<figure class=\"wp-block-image aligncenter size-full has-custom-border\"><img loading=\"lazy\" decoding=\"async\" width=\"788\" height=\"760\" src=\"https:\/\/anhousequynhon.vn\/wp-content\/uploads\/2025\/04\/448869967_1263725227961022_7469933246166721803_n.jpg\" alt=\"\" class=\"wp-image-268\" style=\"border-radius:0px;object-fit:cover\" srcset=\"https:\/\/anhousequynhon.vn\/wp-content\/uploads\/2025\/04\/448869967_1263725227961022_7469933246166721803_n.jpg 788w, https:\/\/anhousequynhon.vn\/wp-content\/uploads\/2025\/04\/448869967_1263725227961022_7469933246166721803_n-300x289.jpg 300w, https:\/\/anhousequynhon.vn\/wp-content\/uploads\/2025\/04\/448869967_1263725227961022_7469933246166721803_n-768x741.jpg 768w\" sizes=\"auto, (max-width: 788px) 100vw, 788px\" \/><\/figure>\n\n\n\n<div class=\"wp-block-group has-global-padding is-layout-constrained wp-container-core-group-is-layout-d598ad9d wp-block-group-is-layout-constrained\">\n<h3 class=\"wp-block-heading has-text-align-left has-contrast-color has-text-color has-alegreya-font-family has-superbfont-medium-font-size\">Kh\u00f4ng gian tr\u1ec7t s\u00e1ng t\u1ea1o<\/h3>\n\n\n\n<p class=\"has-text-align-left has-secondary-color has-text-color has-superbfont-xsmall-font-size\">V\u1edbi thi\u1ebft k\u1ebf h\u01a1i h\u01b0\u1edbng B\u1eafc \u00c2u, kh\u00f4ng gian nho nh\u1ecf gi\u00fap b\u1ea1n c\u00f3 bu\u1ed5i tr\u00f2 truy\u1ec7n, truy c\u1eadp inteter t\u1ed1c \u0111\u1ed9 cao. Ph\u1ee5c v\u1ee5 cho c\u00f4ng vi\u1ec7c hay tr\u00f2 chuy\u1ec7n c\u00f9ng ng\u01b0\u1eddi th\u00e2n.<\/p>\n<\/div>\n<\/div>\n\n\n\n<div class=\"wp-block-column is-layout-flow wp-container-core-column-is-layout-db2cb278 wp-block-column-is-layout-flow\">\n<figure class=\"wp-block-image aligncenter size-full has-custom-border\"><img loading=\"lazy\" decoding=\"async\" width=\"1080\" height=\"1080\" src=\"https:\/\/anhousequynhon.vn\/wp-content\/uploads\/2025\/04\/476803810_1080469093834534_4024941624368580442_n-1.jpg\" alt=\"\" class=\"wp-image-266\" style=\"border-radius:0px;object-fit:cover\" srcset=\"https:\/\/anhousequynhon.vn\/wp-content\/uploads\/2025\/04\/476803810_1080469093834534_4024941624368580442_n-1.jpg 1080w, https:\/\/anhousequynhon.vn\/wp-content\/uploads\/2025\/04\/476803810_1080469093834534_4024941624368580442_n-1-300x300.jpg 300w, https:\/\/anhousequynhon.vn\/wp-content\/uploads\/2025\/04\/476803810_1080469093834534_4024941624368580442_n-1-1024x1024.jpg 1024w, https:\/\/anhousequynhon.vn\/wp-content\/uploads\/2025\/04\/476803810_1080469093834534_4024941624368580442_n-1-150x150.jpg 150w, https:\/\/anhousequynhon.vn\/wp-content\/uploads\/2025\/04\/476803810_1080469093834534_4024941624368580442_n-1-768x768.jpg 768w\" sizes=\"auto, (max-width: 1080px) 100vw, 1080px\" \/><\/figure>\n\n\n\n<div class=\"wp-block-group has-global-padding is-layout-constrained wp-container-core-group-is-layout-d598ad9d wp-block-group-is-layout-constrained\">\n<h3 class=\"wp-block-heading has-text-align-left has-contrast-color has-text-color has-alegreya-font-family has-superbfont-medium-font-size\">Rooftop 06 chi\u1ebfc t\u1ed5 nh\u00e0 An<\/h3>\n\n\n\n<p class=\"has-text-align-left has-secondary-color has-text-color has-superbfont-xsmall-font-size\">Khu v\u1ef1c rooftop l\u1ed9ng gi\u00f3 \u1edf t\u1ea7ng 6. Anh ch\u1ecb c\u00f3 th\u1ec3 \u0111i thang m\u00e1y di chuy\u1ec3n l\u00ean s\u00e2n th\u01b0\u1ee3ng. Ti\u1ec7n nghi, kh\u00f4ng gian \u0111\u1ea7y c\u1ea3m x\u00fac. Nh\u00e2m nhi ly cafe, ng\u1eafm c\u1ea3nh, t\u1eadn h\u01b0\u1edfng l\u00e0n gi\u00f3 m\u00e1t. C\u00f2n g\u00ec tuy\u1ec7t h\u01a1n.<\/p>\n\n\n\n<h3 class=\"wp-block-heading has-text-align-left has-primary-color has-text-color has-superbfont-small-font-size\"><\/h3>\n<\/div>\n<\/div>\n\n\n\n<div class=\"wp-block-column is-layout-flow wp-container-core-column-is-layout-db2cb278 wp-block-column-is-layout-flow\">\n<figure class=\"wp-block-image aligncenter size-large has-custom-border\"><img loading=\"lazy\" decoding=\"async\" width=\"1024\" height=\"976\" src=\"https:\/\/anhousequynhon.vn\/wp-content\/uploads\/2025\/04\/422258309_1158861635114049_6648552967684814298_n-1024x976.jpg\" alt=\"\" class=\"wp-image-269\" style=\"border-radius:0px;object-fit:cover\" srcset=\"https:\/\/anhousequynhon.vn\/wp-content\/uploads\/2025\/04\/422258309_1158861635114049_6648552967684814298_n-1024x976.jpg 1024w, https:\/\/anhousequynhon.vn\/wp-content\/uploads\/2025\/04\/422258309_1158861635114049_6648552967684814298_n-300x286.jpg 300w, https:\/\/anhousequynhon.vn\/wp-content\/uploads\/2025\/04\/422258309_1158861635114049_6648552967684814298_n-768x732.jpg 768w, https:\/\/anhousequynhon.vn\/wp-content\/uploads\/2025\/04\/422258309_1158861635114049_6648552967684814298_n.jpg 1448w\" sizes=\"auto, (max-width: 1024px) 100vw, 1024px\" \/><\/figure>\n\n\n\n<div class=\"wp-block-group has-global-padding is-layout-constrained wp-container-core-group-is-layout-d598ad9d wp-block-group-is-layout-constrained\">\n<h3 class=\"wp-block-heading has-text-align-left has-contrast-color has-text-color has-alegreya-font-family has-superbfont-medium-font-size\">Cafe \u0111\u00eam c\u00f9ng b\u1ea1n b\u00e8<\/h3>\n\n\n\n<p class=\"has-text-align-left has-secondary-color has-text-color has-superbfont-xsmall-font-size\">Tr\u00f2 chuy\u1ec7n c\u00f9ng b\u1ea1n b\u00e8, ng\u01b0\u1eddi th\u00e2n v\u1edbi l\u00e0n gi\u00f3 t\u01b0\u01a1i m\u00e1t. Ng\u1eafm tr\u1ee5c \u0111\u01b0\u1eddng Xu\u00e2n Di\u1ec7u t\u1ea5p n\u1eadp, nh\u1ed9n nh\u1ecbp v\u00e0o ban \u0111\u00eam. Nh\u1eefng tr\u1ea3i nghi\u1ec7m kh\u00f3 qu\u00ean v\u1edbi gi\u00e1 ph\u1ea3i ch\u0103ng, th\u1ee9c u\u1ed1ng thanh m\u00e1t.<\/p>\n\n\n\n<h3 class=\"wp-block-heading has-text-align-left has-primary-color has-text-color has-superbfont-small-font-size\"><\/h3>\n<\/div>\n<\/div>\n<\/div>\n<\/div>\n\n\n\n<div class=\"wp-block-group alignfull has-global-padding is-layout-constrained wp-container-core-group-is-layout-226e04bb wp-block-group-is-layout-constrained\" style=\"margin-top:0;margin-bottom:0;padding-top:var(--wp--preset--spacing--superbspacing-xxlarge);padding-right:var(--wp--preset--spacing--superbspacing-small);padding-bottom:var(--wp--preset--spacing--superbspacing-xxlarge);padding-left:var(--wp--preset--spacing--superbspacing-small)\">\n<div class=\"wp-block-columns alignwide is-layout-flex wp-container-core-columns-is-layout-28f84493 wp-block-columns-is-layout-flex\">\n<div class=\"wp-block-column is-layout-flow wp-block-column-is-layout-flow\" style=\"flex-basis:40%\">\n<h2 class=\"wp-block-heading has-text-align-left has-contrast-color has-text-color has-superbfont-xlarge-font-size\">Chill c\u00f9ng b\u1ea1n th\u00e2n<\/h2>\n<\/div>\n\n\n\n<div class=\"wp-block-column is-layout-flow wp-block-column-is-layout-flow\">\n<div class=\"wp-block-group has-global-padding is-layout-constrained wp-container-core-group-is-layout-85cc789f wp-block-group-is-layout-constrained\">\n<div class=\"wp-block-group is-layout-flex wp-container-core-group-is-layout-b7b5e2e0 wp-block-group-is-layout-flex\">\n<h3 class=\"wp-block-heading has-text-align-left has-featured-color has-text-color has-superbfont-medium-font-size\">Gi\u00f3 bi\u1ec3n<\/h3>\n\n\n\n<h3 class=\"wp-block-heading has-text-align-left has-contrast-color has-text-color has-superbfont-medium-font-size\">L\u00e0n gi\u00f3 trong l\u00e0nh <\/h3>\n<\/div>\n\n\n\n<div class=\"wp-block-group has-global-padding is-layout-constrained wp-container-core-group-is-layout-685a0924 wp-block-group-is-layout-constrained\" style=\"border-left-color:var(--wp--preset--color--featured);border-left-width:4px;padding-left:var(--wp--preset--spacing--superbspacing-xxsmall)\">\n<p class=\"has-text-align-left has-secondary-color has-text-color has-superbfont-small-font-size\">Khung c\u1ea3nh bi\u1ec3n r\u1ed9ng m\u00eanh m\u00f4ng. Cho t\u00e2m h\u1ed3n bay b\u1ed5ng. Gi\u00f3 bi\u1ec3n m\u00e1t l\u00e0nh xoa d\u1ecbu tr\u00e1i tim em<\/p>\n<\/div>\n<\/div>\n<\/div>\n<\/div>\n\n\n\n<div class=\"wp-block-columns alignwide is-layout-flex wp-container-core-columns-is-layout-f9d87e41 wp-block-columns-is-layout-flex\">\n<div class=\"wp-block-column is-vertically-aligned-center is-layout-flow wp-container-core-column-is-layout-db2cb278 wp-block-column-is-layout-flow\">\n<figure class=\"wp-block-image aligncenter size-full has-custom-border\"><img loading=\"lazy\" decoding=\"async\" width=\"540\" height=\"788\" src=\"https:\/\/anhousequynhon.vn\/wp-content\/uploads\/2025\/04\/484396051_1475789290087947_7115333019364317585_n.jpg\" alt=\"\" class=\"wp-image-363\" style=\"border-radius:0px;object-fit:cover\" srcset=\"https:\/\/anhousequynhon.vn\/wp-content\/uploads\/2025\/04\/484396051_1475789290087947_7115333019364317585_n.jpg 540w, https:\/\/anhousequynhon.vn\/wp-content\/uploads\/2025\/04\/484396051_1475789290087947_7115333019364317585_n-206x300.jpg 206w\" sizes=\"auto, (max-width: 540px) 100vw, 540px\" \/><\/figure>\n\n\n\n<div class=\"wp-block-group has-global-padding is-layout-constrained wp-container-core-group-is-layout-d598ad9d wp-block-group-is-layout-constrained\">\n<h3 class=\"wp-block-heading has-text-align-left has-contrast-color has-text-color has-alegreya-font-family has-superbfont-medium-font-size\"><\/h3>\n\n\n\n<p class=\"has-text-align-left has-secondary-color has-text-color has-superbfont-xsmall-font-size\"><\/p>\n<\/div>\n<\/div>\n\n\n\n<div class=\"wp-block-column is-vertically-aligned-center is-layout-flow wp-container-core-column-is-layout-db2cb278 wp-block-column-is-layout-flow\">\n<figure class=\"wp-block-image aligncenter size-large has-custom-border\"><img loading=\"lazy\" decoding=\"async\" width=\"683\" height=\"1024\" src=\"https:\/\/anhousequynhon.vn\/wp-content\/uploads\/2025\/04\/474896147_1072365691311541_6083365191224690179_n-683x1024.jpg\" alt=\"\" class=\"wp-image-358\" style=\"border-radius:0px;object-fit:cover\" srcset=\"https:\/\/anhousequynhon.vn\/wp-content\/uploads\/2025\/04\/474896147_1072365691311541_6083365191224690179_n-683x1024.jpg 683w, https:\/\/anhousequynhon.vn\/wp-content\/uploads\/2025\/04\/474896147_1072365691311541_6083365191224690179_n-200x300.jpg 200w, https:\/\/anhousequynhon.vn\/wp-content\/uploads\/2025\/04\/474896147_1072365691311541_6083365191224690179_n-768x1152.jpg 768w, https:\/\/anhousequynhon.vn\/wp-content\/uploads\/2025\/04\/474896147_1072365691311541_6083365191224690179_n.jpg 960w\" sizes=\"auto, (max-width: 683px) 100vw, 683px\" \/><\/figure>\n\n\n\n<div class=\"wp-block-group has-global-padding is-layout-constrained wp-container-core-group-is-layout-d598ad9d wp-block-group-is-layout-constrained\">\n<h3 class=\"wp-block-heading has-text-align-left has-contrast-color has-text-color has-alegreya-font-family has-superbfont-medium-font-size\"><\/h3>\n<\/div>\n<\/div>\n\n\n\n<div class=\"wp-block-column is-vertically-aligned-center is-layout-flow wp-container-core-column-is-layout-db2cb278 wp-block-column-is-layout-flow\">\n<figure class=\"wp-block-image aligncenter size-full has-custom-border\"><img loading=\"lazy\" decoding=\"async\" width=\"960\" height=\"1440\" src=\"https:\/\/anhousequynhon.vn\/wp-content\/uploads\/2025\/04\/474823562_1072360351312075_8260873346388064962_n.jpg\" alt=\"\" class=\"wp-image-361\" style=\"border-radius:0px;object-fit:cover\" srcset=\"https:\/\/anhousequynhon.vn\/wp-content\/uploads\/2025\/04\/474823562_1072360351312075_8260873346388064962_n.jpg 960w, https:\/\/anhousequynhon.vn\/wp-content\/uploads\/2025\/04\/474823562_1072360351312075_8260873346388064962_n-200x300.jpg 200w, https:\/\/anhousequynhon.vn\/wp-content\/uploads\/2025\/04\/474823562_1072360351312075_8260873346388064962_n-683x1024.jpg 683w, https:\/\/anhousequynhon.vn\/wp-content\/uploads\/2025\/04\/474823562_1072360351312075_8260873346388064962_n-768x1152.jpg 768w\" sizes=\"auto, (max-width: 960px) 100vw, 960px\" \/><\/figure>\n\n\n\n<div class=\"wp-block-group has-global-padding is-layout-constrained wp-container-core-group-is-layout-d598ad9d wp-block-group-is-layout-constrained\">\n<h3 class=\"wp-block-heading has-text-align-left has-contrast-color has-text-color has-alegreya-font-family has-superbfont-medium-font-size\"><\/h3>\n<\/div>\n<\/div>\n<\/div>\n<\/div>\n\n\n\n<div class=\"wp-block-query is-layout-flow wp-block-query-is-layout-flow\"><ul class=\"wp-block-post-template is-layout-flow wp-block-post-template-is-layout-flow\"><li class=\"wp-block-post post-22 post type-post status-publish format-standard has-post-thumbnail hentry category-uncategorized\">\n\n<p><\/p>\n\n<\/li><li class=\"wp-block-post post-21 post type-post status-publish format-standard has-post-thumbnail hentry category-uncategorized\">\n\n<p><\/p>\n\n<\/li><li class=\"wp-block-post post-20 post type-post status-publish format-standard has-post-thumbnail hentry category-uncategorized\">\n\n<p><\/p>\n\n<\/li><\/ul><\/div>\n","protected":false},"excerpt":{"rendered":"<p>Khu v\u1ef1c cafe tr\u1ec7t v\u00e0 rooftop t\u1ea7ng 6 Super View tuy\u1ec7t \u0111\u1eb9p \u00f4m tr\u1ecdn bi\u1ec3n Quy Nh\u01a1n T\u1ea7m view s\u00e2n th\u01b0\u1ee3ng tuy\u1ec7t \u0111\u1eb9p, r\u1ed9ng m\u1edf t\u1ea7m m\u1eaft th\u01b0\u1edfng th\u1ee9c v\u1ebb \u0111\u1eb9p bi\u1ec3n Quy Nh\u01a1n. C\u00f9ng cafe nguy\u00ean ch\u1ea5t, n\u01b0\u1edbc u\u1ed1ng pha ch\u1ebf, gi\u00fap cho bu\u1ed5i cafe th\u1eadt th\u00fa v\u1ecb v\u00e0 s\u00e1ng t\u1ea1o. Kh\u00f4ng gian tr\u1ec7t [&hellip;]<\/p>\n","protected":false},"author":1,"featured_media":0,"parent":0,"menu_order":0,"comment_status":"closed","ping_status":"closed","template":"","meta":{"footnotes":""},"class_list":["post-194","page","type-page","status-publish","hentry"],"_links":{"self":[{"href":"https:\/\/anhousequynhon.vn\/index.php\/wp-json\/wp\/v2\/pages\/194","targetHints":{"allow":["GET"]}}],"collection":[{"href":"https:\/\/anhousequynhon.vn\/index.php\/wp-json\/wp\/v2\/pages"}],"about":[{"href":"https:\/\/anhousequynhon.vn\/index.php\/wp-json\/wp\/v2\/types\/page"}],"author":[{"embeddable":true,"href":"https:\/\/anhousequynhon.vn\/index.php\/wp-json\/wp\/v2\/users\/1"}],"replies":[{"embeddable":true,"href":"https:\/\/anhousequynhon.vn\/index.php\/wp-json\/wp\/v2\/comments?post=194"}],"version-history":[{"count":18,"href":"https:\/\/anhousequynhon.vn\/index.php\/wp-json\/wp\/v2\/pages\/194\/revisions"}],"predecessor-version":[{"id":383,"href":"https:\/\/anhousequynhon.vn\/index.php\/wp-json\/wp\/v2\/pages\/194\/revisions\/383"}],"wp:attachment":[{"href":"https:\/\/anhousequynhon.vn\/index.php\/wp-json\/wp\/v2\/media?parent=194"}],"curies":[{"name":"wp","href":"https:\/\/api.w.org\/{rel}","templated":true}]}}