{"id":190,"date":"2025-04-25T12:12:28","date_gmt":"2025-04-25T12:12:28","guid":{"rendered":"https:\/\/anhousequynhon.vn\/?page_id=190"},"modified":"2026-02-22T10:32:10","modified_gmt":"2026-02-22T03:32:10","slug":"room","status":"publish","type":"page","link":"https:\/\/anhousequynhon.vn\/index.php\/room\/","title":{"rendered":"Ph\u00f2ng\/room"},"content":{"rendered":"\n<div class=\"wp-block-group is-nowrap is-layout-flex wp-container-core-group-is-layout-6c531013 wp-block-group-is-layout-flex\">\n<div class=\"wp-block-columns is-layout-flex wp-container-core-columns-is-layout-28f84493 wp-block-columns-is-layout-flex\">\n<div class=\"wp-block-column is-layout-flow wp-block-column-is-layout-flow\" style=\"flex-basis:100%\"><\/div>\n<\/div>\n<\/div>\n\n\n\n<div class=\"wp-block-group has-global-padding is-layout-constrained wp-container-core-group-is-layout-226e04bb wp-block-group-is-layout-constrained\" style=\"margin-top:0;margin-bottom:0;padding-top:var(--wp--preset--spacing--superbspacing-xxlarge);padding-right:var(--wp--preset--spacing--superbspacing-small);padding-bottom:var(--wp--preset--spacing--superbspacing-xxlarge);padding-left:var(--wp--preset--spacing--superbspacing-small)\">\n<div class=\"wp-block-columns alignwide is-layout-flex wp-container-core-columns-is-layout-28f84493 wp-block-columns-is-layout-flex\">\n<div class=\"wp-block-column is-layout-flow wp-block-column-is-layout-flow\" style=\"flex-basis:40%\">\n<h2 class=\"wp-block-heading has-text-align-left has-contrast-color has-text-color has-superbfont-xlarge-font-size\">Ph\u00f2ng nh\u00e0 An<\/h2>\n<\/div>\n\n\n\n<div class=\"wp-block-column is-layout-flow wp-block-column-is-layout-flow\">\n<div class=\"wp-block-group has-global-padding is-layout-constrained wp-container-core-group-is-layout-85cc789f wp-block-group-is-layout-constrained\">\n<div class=\"wp-block-group is-layout-flex wp-container-core-group-is-layout-b7b5e2e0 wp-block-group-is-layout-flex\">\n<h3 class=\"wp-block-heading has-text-align-left has-featured-color has-text-color has-superbfont-medium-font-size\">3<\/h3>\n\n\n\n<h3 class=\"wp-block-heading has-text-align-left has-contrast-color has-text-color has-superbfont-medium-font-size\">h\u1ea1ng ph\u00f2ng<\/h3>\n<\/div>\n\n\n\n<div class=\"wp-block-group has-global-padding is-layout-constrained wp-container-core-group-is-layout-685a0924 wp-block-group-is-layout-constrained\" style=\"border-left-color:var(--wp--preset--color--featured);border-left-width:4px;padding-left:var(--wp--preset--spacing--superbspacing-xxsmall)\">\n<p class=\"has-text-align-left has-secondary-color has-text-color has-superbfont-small-font-size\">Ti\u00eau chu\u1ea9n, view bi\u1ec3n 1 gi\u01b0\u1eddng \u0111\u00f4i, view bi\u1ec3n 2 gi\u01b0\u1eddng \u0111\u00f4i<\/p>\n<\/div>\n<\/div>\n<\/div>\n<\/div>\n\n\n\n<div class=\"wp-block-columns alignwide are-vertically-aligned-top is-layout-flex wp-container-core-columns-is-layout-f9d87e41 wp-block-columns-is-layout-flex\">\n<div class=\"wp-block-column is-vertically-aligned-top is-layout-flow wp-container-core-column-is-layout-db2cb278 wp-block-column-is-layout-flow\">\n<figure class=\"wp-block-image aligncenter size-large has-custom-border\"><img decoding=\"async\" src=\"https:\/\/anhousequynhon.vn\/wp-content\/uploads\/2025\/04\/7520c5e5-6d93-4535-8cd8-2a4bf05c16f0.jpg\" alt=\"\" style=\"border-radius:0px;object-fit:cover\"\/><\/figure>\n\n\n\n<div class=\"wp-block-group has-global-padding is-layout-constrained wp-container-core-group-is-layout-d598ad9d wp-block-group-is-layout-constrained\">\n<h3 class=\"wp-block-heading has-text-align-center has-contrast-color has-pale-ocean-gradient-background has-text-color has-background has-alegreya-font-family has-superbfont-xsmall-font-size\"><strong>Ph\u00f2ng ti\u00eau chu\u1ea9n gi\u01b0\u1eddng \u0111\u00f4i<br><\/strong><em>(Standard room)<\/em><br><\/h3>\n\n\n\n<p><\/p>\n\n\n\n<p>1 gi\u01b0\u1eddng \u0111\u00f4i k\u00edch th\u01b0\u1edbc 1m6 x 2m, wc ri\u00eang, c\u1eeda s\u1ed5<\/p>\n\n\n\n<p class=\"has-text-align-left has-secondary-color has-text-color has-superbfont-xsmall-font-size\">D\u00e0nh cho 2-3 ng\u01b0\u1eddi l\u1edbn, to\u00e0n b\u1ed9 ph\u00f2ng c\u00f3 c\u1eeda s\u1ed5, b\u00e0n trang \u0111i\u1ec3m, nh\u00e0 v\u1ec7 sinh ti\u1ec7n nghi.<\/p>\n\n\n\n<p>Gi\u00e1 t\u1eeb: 590.000\u0111\/ \u0111\u00eam<\/p>\n\n\n\n<div class=\"wp-block-buttons is-layout-flex wp-block-buttons-is-layout-flex\">\n<div class=\"wp-block-button\"><a class=\"wp-block-button__link wp-element-button\" href=\"https:\/\/zalo.me\/anhousequynhon\">ZALO OA<\/a><\/div>\n<\/div>\n<\/div>\n<\/div>\n\n\n\n<div class=\"wp-block-column is-vertically-aligned-top is-layout-flow wp-container-core-column-is-layout-db2cb278 wp-block-column-is-layout-flow\">\n<div class=\"wp-block-group has-global-padding is-layout-constrained wp-block-group-is-layout-constrained\">\n<figure class=\"wp-block-image aligncenter size-large has-custom-border\"><img decoding=\"async\" src=\"https:\/\/anhousequynhon.vn\/wp-content\/uploads\/2025\/04\/MATME.jpg\" alt=\"\" style=\"border-radius:0px;object-fit:cover\"\/><\/figure>\n<\/div>\n\n\n\n<div class=\"wp-block-group has-global-padding is-layout-constrained wp-container-core-group-is-layout-d598ad9d wp-block-group-is-layout-constrained\">\n<h3 class=\"wp-block-heading has-text-align-left has-contrast-color has-pale-ocean-gradient-background has-text-color has-background has-alegreya-font-family has-superbfont-xsmall-font-size\"><strong>Ph\u00f2ng view bi\u1ec3n 1 gi\u01b0\u1eddng \u0111\u00f4i<\/strong><br>(<em>Double Bedroom sea view)<\/em><\/h3>\n\n\n\n<p>1 gi\u01b0\u1eddng \u0111\u00f4i k\u00edch th\u01b0\u1edbc 1m6 x 2m, b\u1ed3n t\u1eafm n\u1eb1m 1m7<\/p>\n\n\n\n<p class=\"has-text-align-left has-secondary-color has-text-color has-superbfont-xsmall-font-size\">D\u00e0nh cho 2-3 ng\u01b0\u1eddi l\u1edbn, Bancony, b\u1ed3n t\u1eafm n\u1eb1m v\u00e0 view h\u01b0\u1edbng ra b\u00e3i bi\u1ec3n Quy Nh\u01a1n<\/p>\n\n\n\n<p>Gi\u00e1 t\u1eeb: 690.000\u0111\/ \u0111\u00eam<\/p>\n\n\n\n<div class=\"wp-block-buttons is-layout-flex wp-block-buttons-is-layout-flex\">\n<div class=\"wp-block-button\"><a class=\"wp-block-button__link wp-element-button\" href=\"https:\/\/zalo.me\/anhousequynhon\">zalo oa<\/a><\/div>\n<\/div>\n<\/div>\n<\/div>\n\n\n\n<div class=\"wp-block-column is-vertically-aligned-top is-layout-flow wp-container-core-column-is-layout-db2cb278 wp-block-column-is-layout-flow\">\n<figure class=\"wp-block-image aligncenter size-large has-custom-border\"><img decoding=\"async\" src=\"https:\/\/anhousequynhon.vn\/wp-content\/uploads\/2025\/04\/MATME2G-1.jpg\" alt=\"\" style=\"border-radius:0px;object-fit:cover\"\/><\/figure>\n\n\n\n<div class=\"wp-block-group has-global-padding is-layout-constrained wp-container-core-group-is-layout-d598ad9d wp-block-group-is-layout-constrained\">\n<h3 class=\"wp-block-heading has-text-align-left has-contrast-color has-pale-ocean-gradient-background has-text-color has-background has-alegreya-font-family has-superbfont-xsmall-font-size\"><strong>Ph\u00f2ng view bi\u1ec3n 2 gi\u01b0\u1eddng \u0111\u00f4i<\/strong><br>(<em>Quad Room sea view<\/em>)<\/h3>\n\n\n\n<p>2 gi\u01b0\u1eddng \u0111\u00f4i. M\u1ed7i gi\u01b0\u1eddng k\u00edch th\u01b0\u1edbc 1m4 x 2m<\/p>\n\n\n\n<p class=\"has-text-align-left has-secondary-color has-text-color has-superbfont-xsmall-font-size\">D\u00e0nh cho 4 ng\u01b0\u1eddi l\u1edbn, b\u1ed3n t\u1eafm n\u1eb1m, bancony v\u00e0 view h\u01b0\u1edbng ra b\u00e3i bi\u1ec3n Quy Nh\u01a1n.<\/p>\n\n\n\n<p>Gi\u00e1 t\u1eeb: 790.000\u0111\/ \u0111\u00eam<\/p>\n\n\n\n<div class=\"wp-block-buttons is-layout-flex wp-block-buttons-is-layout-flex\">\n<div class=\"wp-block-button\"><a class=\"wp-block-button__link wp-element-button\" href=\"https:\/\/zalo.me\/anhousequynhon\">zalo oa<\/a><\/div>\n<\/div>\n<\/div>\n<\/div>\n<\/div>\n<\/div>\n\n\n\n<p>An House Quy Nh\u01a1n, Homestay Quy Nh\u01a1n, Du l\u1ecbch Quy Nh\u01a1n<\/p>\n\n\n<p class=\"wp-block-tag-cloud\">Ch\u01b0a c\u00f3 n\u1ed9i dung n\u00e0o \u0111\u1ec3 hi\u1ec3n th\u1ecb \u1edf \u0111\u00e2y.<\/p>\n\n<p class=\"wp-block-tag-cloud\">Ch\u01b0a c\u00f3 n\u1ed9i dung n\u00e0o \u0111\u1ec3 hi\u1ec3n th\u1ecb \u1edf \u0111\u00e2y.<\/p>\n\n<p class=\"wp-block-site-tagline\">Kh\u00e1ch s\u1ea1n Quy Nh\u01a1n<\/p>\n\n\n<p>Homestay Quy Nh\u01a1n<\/p>\n\n\n\n<p>Du l\u1ecbch Quy Nh\u01a1n<\/p>\n\n\n\n<p>Tour Quy Nh\u01a1n<\/p>\n\n\n\n<div class=\"wp-block-superb-addons-cover-image\"><div class=\"superbaddons-coverimage-block\" style=\"border-radius:0%;min-height:400px;background-image:url();background-position:50% 50%;background-size:cover;background-repeat:no-repeat\"><\/div><\/div>\n","protected":false},"excerpt":{"rendered":"<p>Ph\u00f2ng nh\u00e0 An 3 h\u1ea1ng ph\u00f2ng Ti\u00eau chu\u1ea9n, view bi\u1ec3n 1 gi\u01b0\u1eddng \u0111\u00f4i, view bi\u1ec3n 2 gi\u01b0\u1eddng \u0111\u00f4i Ph\u00f2ng ti\u00eau chu\u1ea9n gi\u01b0\u1eddng \u0111\u00f4i(Standard room) 1 gi\u01b0\u1eddng \u0111\u00f4i k\u00edch th\u01b0\u1edbc 1m6 x 2m, wc ri\u00eang, c\u1eeda s\u1ed5 D\u00e0nh cho 2-3 ng\u01b0\u1eddi l\u1edbn, to\u00e0n b\u1ed9 ph\u00f2ng c\u00f3 c\u1eeda s\u1ed5, b\u00e0n trang \u0111i\u1ec3m, nh\u00e0 v\u1ec7 sinh ti\u1ec7n nghi. [&hellip;]<\/p>\n","protected":false},"author":1,"featured_media":0,"parent":0,"menu_order":0,"comment_status":"closed","ping_status":"closed","template":"","meta":{"footnotes":""},"class_list":["post-190","page","type-page","status-publish","hentry"],"_links":{"self":[{"href":"https:\/\/anhousequynhon.vn\/index.php\/wp-json\/wp\/v2\/pages\/190","targetHints":{"allow":["GET"]}}],"collection":[{"href":"https:\/\/anhousequynhon.vn\/index.php\/wp-json\/wp\/v2\/pages"}],"about":[{"href":"https:\/\/anhousequynhon.vn\/index.php\/wp-json\/wp\/v2\/types\/page"}],"author":[{"embeddable":true,"href":"https:\/\/anhousequynhon.vn\/index.php\/wp-json\/wp\/v2\/users\/1"}],"replies":[{"embeddable":true,"href":"https:\/\/anhousequynhon.vn\/index.php\/wp-json\/wp\/v2\/comments?post=190"}],"version-history":[{"count":26,"href":"https:\/\/anhousequynhon.vn\/index.php\/wp-json\/wp\/v2\/pages\/190\/revisions"}],"predecessor-version":[{"id":520,"href":"https:\/\/anhousequynhon.vn\/index.php\/wp-json\/wp\/v2\/pages\/190\/revisions\/520"}],"wp:attachment":[{"href":"https:\/\/anhousequynhon.vn\/index.php\/wp-json\/wp\/v2\/media?parent=190"}],"curies":[{"name":"wp","href":"https:\/\/api.w.org\/{rel}","templated":true}]}}